{"id":710,"date":"2021-03-16T09:05:13","date_gmt":"2021-03-16T09:05:13","guid":{"rendered":"https:\/\/zollikonsult.ch\/?page_id=710"},"modified":"2023-01-16T12:17:14","modified_gmt":"2023-01-16T12:17:14","slug":"get-an-evaluation","status":"publish","type":"page","link":"https:\/\/zollikonsult.ch\/de\/get-an-evaluation\/","title":{"rendered":"Innovation einsch\u00e4tzen"},"content":{"rendered":"<div data-elementor-type=\"wp-page\" data-elementor-id=\"710\" class=\"elementor elementor-710\">\n\t\t\t\t\t\t<section class=\"elementor-section elementor-top-section elementor-element elementor-element-fd3d02e elementor-section-full_width elementor-section-height-min-height elementor-section-stretched elementor-section-height-default elementor-section-items-middle\" data-id=\"fd3d02e\" data-element_type=\"section\" data-e-type=\"section\" data-settings=\"{&quot;stretch_section&quot;:&quot;section-stretched&quot;,&quot;background_background&quot;:&quot;classic&quot;}\">\n\t\t\t\t\t\t<div class=\"elementor-container elementor-column-gap-default\">\n\t\t\t\t\t<div class=\"elementor-column elementor-col-100 elementor-top-column elementor-element elementor-element-c3e0f5a\" data-id=\"c3e0f5a\" data-element_type=\"column\" data-e-type=\"column\" data-settings=\"{&quot;background_background&quot;:&quot;classic&quot;}\">\n\t\t\t<div class=\"elementor-widget-wrap elementor-element-populated\">\n\t\t\t\t\t\t<section class=\"elementor-section elementor-inner-section elementor-element elementor-element-1a5eeb4 elementor-section-boxed elementor-section-height-default elementor-section-height-default\" data-id=\"1a5eeb4\" data-element_type=\"section\" data-e-type=\"section\">\n\t\t\t\t\t\t<div class=\"elementor-container elementor-column-gap-default\">\n\t\t\t\t\t<div class=\"elementor-column elementor-col-50 elementor-inner-column elementor-element elementor-element-78b967a\" data-id=\"78b967a\" data-element_type=\"column\" data-e-type=\"column\">\n\t\t\t<div class=\"elementor-widget-wrap elementor-element-populated\">\n\t\t\t\t\t\t<div class=\"elementor-element elementor-element-4c6f82c elementor-widget elementor-widget-image\" data-id=\"4c6f82c\" data-element_type=\"widget\" data-e-type=\"widget\" data-widget_type=\"image.default\">\n\t\t\t\t<div class=\"elementor-widget-container\">\n\t\t\t\t\t\t\t\t\t\t\t\t\t\t\t<img fetchpriority=\"high\" decoding=\"async\" width=\"719\" height=\"709\" src=\"https:\/\/zollikonsult.ch\/wp-content\/uploads\/2021\/02\/JS-1.png\" class=\"attachment-large size-large wp-image-421\" alt=\"\" srcset=\"https:\/\/zollikonsult.ch\/wp-content\/uploads\/2021\/02\/JS-1.png 719w, https:\/\/zollikonsult.ch\/wp-content\/uploads\/2021\/02\/JS-1-300x296.png 300w\" sizes=\"(max-width: 719px) 100vw, 719px\" \/>\t\t\t\t\t\t\t\t\t\t\t\t\t\t\t<\/div>\n\t\t\t\t<\/div>\n\t\t\t\t\t<\/div>\n\t\t<\/div>\n\t\t\t\t<div class=\"elementor-column elementor-col-50 elementor-inner-column elementor-element elementor-element-0c4f9ee\" data-id=\"0c4f9ee\" data-element_type=\"column\" data-e-type=\"column\">\n\t\t\t<div class=\"elementor-widget-wrap elementor-element-populated\">\n\t\t\t\t\t\t<div class=\"elementor-element elementor-element-c5fff54 elementor-widget elementor-widget-text-editor\" data-id=\"c5fff54\" data-element_type=\"widget\" data-e-type=\"widget\" data-widget_type=\"text-editor.default\">\n\t\t\t\t<div class=\"elementor-widget-container\">\n\t\t\t\t\t\t\t\t\t<p style=\"padding: 0 0 5px 0; font-size: 24px; font-weight: 600; line-height: 24px; color: #1d2327; font-family: -apple-system,BlinkMacSystemFont,;\">Coaching von Startups<\/p><p class=\"color: #888; font-size: 15px; margin: 10px 0 0; font-family: -apple-system,BlinkMacSystemFont,\">Unser Coaching ist eine einmalige Gelegenheit, Gr\u00fcndern zu helfen, sich auf den Start ihres innovativen Unternehmens vorzubereiten. Das Feedback soll Ihnen Tipps und Ideen liefern, um Ihre Chancen auf eine Investition zu erh\u00f6hen. Sie erhalten ein 30-min\u00fctiges Telefon- oder Videogespr\u00e4ch, in dem Sie kritisches und konstruktives Feedback von einem unserer erfahrenen Investoren erhalten.<\/p><p>\n<div class=\"wpcf7 no-js\" id=\"wpcf7-f223-o1\" lang=\"en-US\" dir=\"ltr\" data-wpcf7-id=\"223\">\n<div class=\"screen-reader-response\"><p role=\"status\" aria-live=\"polite\" aria-atomic=\"true\"><\/p> <ul><\/ul><\/div>\n<form action=\"\/de\/wp-json\/wp\/v2\/pages\/710#wpcf7-f223-o1\" method=\"post\" class=\"wpcf7-form init\" aria-label=\"Contact form\" enctype=\"multipart\/form-data\" novalidate=\"novalidate\" data-status=\"init\" data-trp-original-action=\"\/de\/wp-json\/wp\/v2\/pages\/710#wpcf7-f223-o1\">\n<fieldset class=\"hidden-fields-container\"><input type=\"hidden\" name=\"_wpcf7\" value=\"223\" \/><input type=\"hidden\" name=\"_wpcf7_version\" value=\"6.1.5\" \/><input type=\"hidden\" name=\"_wpcf7_locale\" value=\"en_US\" \/><input type=\"hidden\" name=\"_wpcf7_unit_tag\" value=\"wpcf7-f223-o1\" \/><input type=\"hidden\" name=\"_wpcf7_container_post\" value=\"0\" \/><input type=\"hidden\" name=\"_wpcf7_posted_data_hash\" value=\"\" \/>\n<\/fieldset>\n<p class=\"form-tit\">Ihr Name<span class=\"required-label\"> *<span\/><\/span><\/span>\n<\/p>\n<p><span class=\"wpcf7-form-control-wrap\" data-name=\"your-name\"><input size=\"40\" maxlength=\"400\" class=\"wpcf7-form-control wpcf7-text wpcf7-validates-as-required\" aria-required=\"true\" aria-invalid=\"false\" value=\"\" type=\"text\" name=\"your-name\" \/><\/span>\n<\/p>\n<p class=\"form-tit\">Name des Unternehmens<span class=\"required-label\"> *<span\/><\/span><\/span>\n<\/p>\n<p><span class=\"wpcf7-form-control-wrap\" data-name=\"your-company\"><input size=\"40\" maxlength=\"400\" class=\"wpcf7-form-control wpcf7-text wpcf7-validates-as-required\" aria-required=\"true\" aria-invalid=\"false\" value=\"\" type=\"text\" name=\"your-company\" \/><\/span>\n<\/p>\n<p class=\"form-tit\">Ihr Email<span class=\"required-label\"> *<span\/><\/span><\/span>\n<\/p>\n<p><span class=\"wpcf7-form-control-wrap\" data-name=\"your-email\"><input size=\"40\" maxlength=\"400\" class=\"wpcf7-form-control wpcf7-email wpcf7-validates-as-required wpcf7-text wpcf7-validates-as-email\" aria-required=\"true\" aria-invalid=\"false\" value=\"\" type=\"email\" name=\"your-email\" \/><\/span>\n<\/p>\n<p class=\"form-tit\">Sitz des Unternehmens (Land)<span class=\"required-label\"> *<span\/><\/span><\/span>\n<\/p>\n<p><span class=\"wpcf7-form-control-wrap\" data-name=\"country\"><input size=\"40\" maxlength=\"400\" class=\"wpcf7-form-control wpcf7-text wpcf7-validates-as-required\" aria-required=\"true\" aria-invalid=\"false\" value=\"\" type=\"text\" name=\"country\" \/><\/span>\n<\/p>\n<p class=\"form-tit\">Problem<span class=\"required-label\"> *<span\/><\/span><\/span>\n<\/p>\n<p><span class=\"wpcf7-form-control-wrap\" data-name=\"problem\"><textarea cols=\"40\" rows=\"10\" maxlength=\"2000\" class=\"wpcf7-form-control wpcf7-textarea wpcf7-validates-as-required\" aria-required=\"true\" aria-invalid=\"false\" name=\"problem\"><\/textarea><\/span>\n<\/p>\n<p class=\"form-txt\">Beschreiben Sie genau, welches Problem Sie l\u00f6sen und warum es ein echtes Problem ist, das den Menschen wichtig ist.\n<\/p>\n<p class=\"form-tit\">L\u00f6sung<span class=\"required-label\"> *<span\/><\/span><\/span>\n<\/p>\n<p><span class=\"wpcf7-form-control-wrap\" data-name=\"solution\"><textarea cols=\"40\" rows=\"10\" maxlength=\"2000\" class=\"wpcf7-form-control wpcf7-textarea wpcf7-validates-as-required\" aria-required=\"true\" aria-invalid=\"false\" name=\"solution\"><\/textarea><\/span>\n<\/p>\n<p class=\"form-txt\">Wie wollen Sie das genannte Problem l\u00f6sen? Was ist das Wertversprechen Ihrer L\u00f6sung?\n<\/p>\n<p class=\"form-tit\">Wie differenzieren Sie sich ?<span> <span\/><\/span><\/span>\n<\/p>\n<p><span class=\"wpcf7-form-control-wrap\" data-name=\"diff\"><input size=\"40\" maxlength=\"400\" class=\"wpcf7-form-control wpcf7-text wpcf7-validates-as-required\" aria-required=\"true\" aria-invalid=\"false\" value=\"\" type=\"text\" name=\"diff\" \/><\/span>\n<\/p>\n<p class=\"form-txt\">was ist das besondere an Ihrer L\u00f6sung ?\n<\/p>\n<p class=\"form-tit\">Stadium<span><span\/><\/span><\/span>\n<\/p>\n<p><span class=\"wpcf7-form-control-wrap\" data-name=\"Stage\"><select class=\"wpcf7-form-control wpcf7-select wpcf7-validates-as-required\" aria-required=\"true\" aria-invalid=\"false\" name=\"Stage\"><option value=\"\">&#8212;Please choose an option&#8212;<\/option><option value=\"Idea\">Idea<\/option><option value=\"Prototype\">Prototype<\/option><option value=\"First customers\">First customers<\/option><option value=\"Scaling up\">Scaling up<\/option><\/select><\/span>\n<\/p>\n<p class=\"form-txt\">Wie weit ist Ihr Startup schon ?\n<\/p>\n<p class=\"form-tit\">Ihre Nachricht an uns<span\/><\/span>\n<\/p>\n<p><span class=\"wpcf7-form-control-wrap\" data-name=\"your-message\"><textarea cols=\"40\" rows=\"10\" maxlength=\"2000\" class=\"wpcf7-form-control wpcf7-textarea wpcf7-validates-as-required\" aria-required=\"true\" aria-invalid=\"false\" name=\"your-message\"><\/textarea><\/span>\n<\/p>\n<p class=\"form-tit\">Bitte Ihr Pitch-deck hochladen<span><span\/><\/span><\/span>\n<\/p>\n<p><span class=\"wpcf7-form-control-wrap\" data-name=\"file-upload\"><input size=\"40\" class=\"wpcf7-form-control wpcf7-file\" accept=\"audio\/*,video\/*,image\/*\" aria-invalid=\"false\" type=\"file\" name=\"file-upload\" \/><\/span>\n<\/p>\n<p><input class=\"wpcf7-form-control wpcf7-submit has-spinner\" type=\"submit\" value=\"Abschicken\" \/>\n<\/p><div class=\"wpcf7-response-output\" aria-hidden=\"true\"><\/div>\n<input type=\"hidden\" name=\"trp-form-language\" value=\"de\"\/><\/form>\n<\/div>\n<\/p>\t\t\t\t\t\t\t\t<\/div>\n\t\t\t\t<\/div>\n\t\t\t\t\t<\/div>\n\t\t<\/div>\n\t\t\t\t\t<\/div>\n\t\t<\/section>\n\t\t\t\t\t<\/div>\n\t\t<\/div>\n\t\t\t\t\t<\/div>\n\t\t<\/section>\n\t\t\t\t<\/div>","protected":false},"excerpt":{"rendered":"<p>Startup coaching Our coaching is a unique chance to help founders to get ready to start an innovative business. The [&hellip;]<\/p>\n","protected":false},"author":1,"featured_media":0,"parent":0,"menu_order":0,"comment_status":"closed","ping_status":"closed","template":"page-templates\/template_page-builder.php","meta":{"footnotes":""},"class_list":["post-710","page","type-page","status-publish","hentry"],"_links":{"self":[{"href":"https:\/\/zollikonsult.ch\/de\/wp-json\/wp\/v2\/pages\/710","targetHints":{"allow":["GET"]}}],"collection":[{"href":"https:\/\/zollikonsult.ch\/de\/wp-json\/wp\/v2\/pages"}],"about":[{"href":"https:\/\/zollikonsult.ch\/de\/wp-json\/wp\/v2\/types\/page"}],"author":[{"embeddable":true,"href":"https:\/\/zollikonsult.ch\/de\/wp-json\/wp\/v2\/users\/1"}],"replies":[{"embeddable":true,"href":"https:\/\/zollikonsult.ch\/de\/wp-json\/wp\/v2\/comments?post=710"}],"version-history":[{"count":55,"href":"https:\/\/zollikonsult.ch\/de\/wp-json\/wp\/v2\/pages\/710\/revisions"}],"predecessor-version":[{"id":918,"href":"https:\/\/zollikonsult.ch\/de\/wp-json\/wp\/v2\/pages\/710\/revisions\/918"}],"wp:attachment":[{"href":"https:\/\/zollikonsult.ch\/de\/wp-json\/wp\/v2\/media?parent=710"}],"curies":[{"name":"wp","href":"https:\/\/api.w.org\/{rel}","templated":true}]}}